{"id":8,"date":"2016-02-08T21:34:43","date_gmt":"2016-02-08T21:34:43","guid":{"rendered":"https:\/\/vtecnologia.cl\/?page_id=8"},"modified":"2019-10-31T17:07:35","modified_gmt":"2019-10-31T20:07:35","slug":"nuestra-empresa","status":"publish","type":"page","link":"https:\/\/vtecnologia.cl\/?page_id=8","title":{"rendered":"nuestra empresa"},"content":{"rendered":"<blockquote><p><img loading=\"lazy\" class=\"aligncenter  wp-image-734\" src=\"https:\/\/vtecnologia.cl\/wp-content\/uploads\/2019\/10\/vtecnologia-150x150.png\" alt=\"\" width=\"150\" height=\"150\" srcset=\"https:\/\/vtecnologia.cl\/wp-content\/uploads\/2019\/10\/vtecnologia-150x150.png 150w, https:\/\/vtecnologia.cl\/wp-content\/uploads\/2019\/10\/vtecnologia-144x144.png 144w, https:\/\/vtecnologia.cl\/wp-content\/uploads\/2019\/10\/vtecnologia-100x100.png 100w\" sizes=\"(max-width: 150px) 100vw, 150px\" \/><\/p>\n<p>vtecnolog\u00eda &amp; servicios fundada en 2016 es una peque\u00f1a empresa, nace para satisfacer las necesidades de seguridad &nbsp;y vigilancia tecnol\u00f3gicas no cubiertas por el mercado, para la familia , la peque\u00f1a y &nbsp;mediana empresa ,ademas pone a disposici\u00f3n de nuestros clientes insumos computacionales&nbsp; otorgando soluciones y servicios de alta calidad con productos garantizados, despachamos a domicilio dentro de Santiago Regi\u00f3n Metropolitana.<\/p><\/blockquote>\n<div class=\"wp-socializer wpsr-share-icons \" data-lg-action=\"show\" data-sm-action=\"show\" data-sm-width=\"768\" ><h3>Share and Enjoy !<\/h3><div class=\"wpsr-si-inner\"><div class=\"wpsr-counter wpsrc-sz-32px\" style=\"color:#000\"><span class=\"scount\"><span data-wpsrs=\"\" data-wpsrs-svcs=\"facebook,twitter,linkedin,pinterest,print,pdf\">0<\/span><\/span><small class=\"stext\">Shares<\/small><\/div><div class=\"socializer sr-popup sr-32px sr-circle sr-opacity sr-pad sr-count-1 sr-count-1\"><span class=\"sr-facebook\"><a rel=\"nofollow\" href=\"https:\/\/www.facebook.com\/share.php?u=\" target=\"_blank\"  title=\"Share this on Facebook\"  style=\"color: #ffffff\" ><i class=\"fab fa-facebook-f\"><\/i><span class=\"ctext\"><span data-wpsrs=\"\" data-wpsrs-svcs=\"facebook\">0<\/span><\/span><\/a><\/span>\n<span class=\"sr-twitter\"><a rel=\"nofollow\" href=\"https:\/\/twitter.com\/intent\/tweet?text=%20-%20%20\" target=\"_blank\"  title=\"Tweet this !\"  style=\"color: #ffffff\" ><i class=\"fab fa-twitter\"><\/i><\/a><\/span>\n<span class=\"sr-linkedin\"><a rel=\"nofollow\" href=\"https:\/\/www.linkedin.com\/sharing\/share-offsite\/?url=\" target=\"_blank\"  title=\"Add this to LinkedIn\"  style=\"color: #ffffff\" ><i class=\"fab fa-linkedin-in\"><\/i><\/a><\/span>\n<span class=\"sr-pinterest\"><a rel=\"nofollow\" href=\"https:\/\/www.pinterest.com\/pin\/create\/button\/?url=&amp;media=&amp;description=\" target=\"_blank\"  title=\"Submit this to Pinterest\"  style=\"color: #ffffff\" data-pin-custom=\"true\"><i class=\"fab fa-pinterest\"><\/i><span class=\"ctext\"><span data-wpsrs=\"\" data-wpsrs-svcs=\"pinterest\">0<\/span><\/span><\/a><\/span>\n<span class=\"sr-print\"><a rel=\"nofollow\" href=\"https:\/\/www.printfriendly.com\/print?url=\" target=\"_blank\"  title=\"Print this article \"  style=\"color: #ffffff\" ><i class=\"fa fa-print\"><\/i><\/a><\/span>\n<span class=\"sr-pdf\"><a rel=\"nofollow\" href=\"https:\/\/www.printfriendly.com\/print?url=\" target=\"_blank\"  title=\"Convert to PDF\"  style=\"color: #ffffff\" ><i class=\"fa fa-file-pdf\"><\/i><\/a><\/span><\/div><\/div><\/div>","protected":false},"excerpt":{"rendered":"<p>vtecnolog\u00eda &amp; servicios fundada en 2016 es una peque\u00f1a empresa, nace para satisfacer las necesidades de seguridad &nbsp;y vigilancia tecnol\u00f3gicas no cubiertas por el mercado, para la familia , la peque\u00f1a y &nbsp;mediana empresa ,ademas pone a disposici\u00f3n de nuestros clientes insumos computacionales&nbsp; otorgando soluciones y servicios de alta calidad con productos garantizados, despachamos a &hellip; <a href=\"https:\/\/vtecnologia.cl\/?page_id=8\" class=\"more-link\">Seguir leyendo <span class=\"screen-reader-text\">nuestra empresa<\/span> <span class=\"meta-nav\">&rarr;<\/span><\/a><\/p>\n","protected":false},"author":1,"featured_media":0,"parent":0,"menu_order":0,"comment_status":"closed","ping_status":"closed","template":"","meta":[],"_links":{"self":[{"href":"https:\/\/vtecnologia.cl\/index.php?rest_route=\/wp\/v2\/pages\/8"}],"collection":[{"href":"https:\/\/vtecnologia.cl\/index.php?rest_route=\/wp\/v2\/pages"}],"about":[{"href":"https:\/\/vtecnologia.cl\/index.php?rest_route=\/wp\/v2\/types\/page"}],"author":[{"embeddable":true,"href":"https:\/\/vtecnologia.cl\/index.php?rest_route=\/wp\/v2\/users\/1"}],"replies":[{"embeddable":true,"href":"https:\/\/vtecnologia.cl\/index.php?rest_route=%2Fwp%2Fv2%2Fcomments&post=8"}],"version-history":[{"count":28,"href":"https:\/\/vtecnologia.cl\/index.php?rest_route=\/wp\/v2\/pages\/8\/revisions"}],"predecessor-version":[{"id":749,"href":"https:\/\/vtecnologia.cl\/index.php?rest_route=\/wp\/v2\/pages\/8\/revisions\/749"}],"wp:attachment":[{"href":"https:\/\/vtecnologia.cl\/index.php?rest_route=%2Fwp%2Fv2%2Fmedia&parent=8"}],"curies":[{"name":"wp","href":"https:\/\/api.w.org\/{rel}","templated":true}]}}